{"id":11612,"date":"2023-08-23T07:51:44","date_gmt":"2023-08-23T07:51:44","guid":{"rendered":"https:\/\/eurofishlodi.com\/productos\/non class\u00e9\/seiche-2\/"},"modified":"2023-08-23T07:51:44","modified_gmt":"2023-08-23T07:51:44","slug":"seiche-2","status":"publish","type":"product","link":"https:\/\/eurofishlodi.com\/fr\/producto\/seiche-2\/","title":{"rendered":"Seiche"},"content":{"rendered":"","protected":false},"excerpt":{"rendered":"<p><em>Sepia spp. (IAX)<\/em><br \/>\n<strong>Origine:<\/strong> Inde \/ Maroc<br \/>\n<strong>Zone FAO:<\/strong> 51\/57, Indien \/ 34, Atlantique<\/p>\n<p><strong>Commercialisation:<\/strong> IQF propre, entier et congel\u00e9 en tunnel -36\u00baC<br \/>\n<strong>Tailles:<\/strong> P\/M\/G \u2013 V\u00e9rifier la disponibilit\u00e9 des formats<br \/>\n<strong>Ingredients: <\/strong>Seiche, eau, sel, stabilisant E-330, antioxydant (acide citrique) et r\u00e9gulateur d&rsquo;acidit\u00e9 E-501. Gla\u00e7age 20-25%<\/p>\n<p>V\u00e9rifiez la disponibilit\u00e9 des seiches sans gla\u00e7age<\/p>\n","protected":false},"featured_media":10246,"template":"","meta":[],"product_brand":[],"product_cat":[2824],"product_tag":[2282,2278,3485,2280,2277,3486,3484,3216,3219,2281],"class_list":{"0":"post-11612","1":"product","2":"type-product","3":"status-publish","4":"has-post-thumbnail","6":"product_cat-cephalopodes-fr","7":"product_tag-choco-fr","8":"product_tag-cuttlefish-fr","9":"product_tag-frozen-cuttlefish-fr","10":"product_tag-seiche-fr","11":"product_tag-sepia-fr","12":"product_tag-sepia-con-glaseo-fr","13":"product_tag-sepia-congelada-fr","14":"product_tag-sepia-india-fr","15":"product_tag-sepia-pharaonis-fr","16":"product_tag-seppia-fr","18":"first","19":"instock","20":"shipping-taxable","21":"product-type-simple"},"_links":{"self":[{"href":"https:\/\/eurofishlodi.com\/fr\/wp-json\/wp\/v2\/product\/11612","targetHints":{"allow":["GET"]}}],"collection":[{"href":"https:\/\/eurofishlodi.com\/fr\/wp-json\/wp\/v2\/product"}],"about":[{"href":"https:\/\/eurofishlodi.com\/fr\/wp-json\/wp\/v2\/types\/product"}],"wp:featuredmedia":[{"embeddable":true,"href":"https:\/\/eurofishlodi.com\/fr\/wp-json\/wp\/v2\/media\/10246"}],"wp:attachment":[{"href":"https:\/\/eurofishlodi.com\/fr\/wp-json\/wp\/v2\/media?parent=11612"}],"wp:term":[{"taxonomy":"product_brand","embeddable":true,"href":"https:\/\/eurofishlodi.com\/fr\/wp-json\/wp\/v2\/product_brand?post=11612"},{"taxonomy":"product_cat","embeddable":true,"href":"https:\/\/eurofishlodi.com\/fr\/wp-json\/wp\/v2\/product_cat?post=11612"},{"taxonomy":"product_tag","embeddable":true,"href":"https:\/\/eurofishlodi.com\/fr\/wp-json\/wp\/v2\/product_tag?post=11612"}],"curies":[{"name":"wp","href":"https:\/\/api.w.org\/{rel}","templated":true}]}}