{"id":11609,"date":"2023-08-23T07:57:05","date_gmt":"2023-08-23T07:57:05","guid":{"rendered":"https:\/\/eurofishlodi.com\/productos\/non class\u00e9\/calamar\/"},"modified":"2023-08-23T07:57:05","modified_gmt":"2023-08-23T07:57:05","slug":"calamar","status":"publish","type":"product","link":"https:\/\/eurofishlodi.com\/fr\/producto\/calamar\/","title":{"rendered":"Calamar"},"content":{"rendered":"","protected":false},"excerpt":{"rendered":"<p><em>Loligo spp. (SQC)<\/em><br \/>\n<strong>Origine:<\/strong> Portugal, Espagne, Maroc, Mauritanie<br \/>\n<strong>Zone FAO:<\/strong> 27, Atlantique \/ 34, Atlantique<\/p>\n<p><strong>Commercialisation:<\/strong> enti\u00e8re, surgel\u00e9e IQF, emball\u00e9e individuellement.<br \/>\nIngredients: calamar 100%<\/p>\n","protected":false},"featured_media":10249,"template":"","meta":[],"product_brand":[],"product_cat":[2824],"product_tag":[1895,2832,3477,2341,2870,1897,1569,3478,2856,2340,1457,1896],"class_list":{"0":"post-11609","1":"product","2":"type-product","3":"status-publish","4":"has-post-thumbnail","6":"product_cat-cephalopodes-fr","7":"product_tag-calamar-fr","8":"product_tag-calamar-congelado-fr","9":"product_tag-calamar-envuelto-fr","10":"product_tag-calamaro-fr","11":"product_tag-calamaro-congelato-fr","12":"product_tag-calmar-fr","13":"product_tag-cefalopodos-fr","14":"product_tag-congelado-iqf-fr","15":"product_tag-frozen-squid-fr","16":"product_tag-lula-fr","17":"product_tag-moluscos-fr","18":"product_tag-squid-fr","20":"first","21":"instock","22":"shipping-taxable","23":"product-type-simple"},"_links":{"self":[{"href":"https:\/\/eurofishlodi.com\/fr\/wp-json\/wp\/v2\/product\/11609","targetHints":{"allow":["GET"]}}],"collection":[{"href":"https:\/\/eurofishlodi.com\/fr\/wp-json\/wp\/v2\/product"}],"about":[{"href":"https:\/\/eurofishlodi.com\/fr\/wp-json\/wp\/v2\/types\/product"}],"wp:featuredmedia":[{"embeddable":true,"href":"https:\/\/eurofishlodi.com\/fr\/wp-json\/wp\/v2\/media\/10249"}],"wp:attachment":[{"href":"https:\/\/eurofishlodi.com\/fr\/wp-json\/wp\/v2\/media?parent=11609"}],"wp:term":[{"taxonomy":"product_brand","embeddable":true,"href":"https:\/\/eurofishlodi.com\/fr\/wp-json\/wp\/v2\/product_brand?post=11609"},{"taxonomy":"product_cat","embeddable":true,"href":"https:\/\/eurofishlodi.com\/fr\/wp-json\/wp\/v2\/product_cat?post=11609"},{"taxonomy":"product_tag","embeddable":true,"href":"https:\/\/eurofishlodi.com\/fr\/wp-json\/wp\/v2\/product_tag?post=11609"}],"curies":[{"name":"wp","href":"https:\/\/api.w.org\/{rel}","templated":true}]}}