{"id":11606,"date":"2023-08-23T08:00:43","date_gmt":"2023-08-23T08:00:43","guid":{"rendered":"https:\/\/eurofishlodi.com\/productos\/non class\u00e9\/anneaux-de-calamar-geant\/"},"modified":"2023-08-23T08:00:43","modified_gmt":"2023-08-23T08:00:43","slug":"anneaux-de-calamar-geant","status":"publish","type":"product","link":"https:\/\/eurofishlodi.com\/fr\/producto\/anneaux-de-calamar-geant\/","title":{"rendered":"Anneaux de calamar g\u00e9ant"},"content":{"rendered":"","protected":false},"excerpt":{"rendered":"<p><em>Dosidicus gigas (GIS)<\/em><br \/>\n<strong>Origine:<\/strong> Per\u00fa<br \/>\n<strong>Zone FAO:<\/strong> 87, Pacifique<\/p>\n<p><strong>Commercialisation:<\/strong> anneaux surgel\u00e9s IQF<br \/>\n<strong>Ingredients:<\/strong> Calamar g\u00e9ant, eau, sel, stabilisant E-330, antioxydant (acide citrique) et r\u00e9gulateur d&rsquo;acidit\u00e9 E-501.<\/p>\n","protected":false},"featured_media":10252,"template":"","meta":[],"product_brand":[],"product_cat":[2824],"product_tag":[3356,3470,3351,3359,3358,1895,3471,1569,2339,3469,2340,1457,2300,3243,3248,3249],"class_list":{"0":"post-11606","1":"product","2":"type-product","3":"status-publish","4":"has-post-thumbnail","6":"product_cat-cephalopodes-fr","7":"product_tag-anelli-di-totano-fr","8":"product_tag-anillas-congeladas-fr","9":"product_tag-anillas-de-calamar-fr","10":"product_tag-anneaux-fr","11":"product_tag-anneaux-de-calmar-fr","12":"product_tag-calamar-fr","13":"product_tag-calamares-congelados-fr","14":"product_tag-cefalopodos-fr","15":"product_tag-encornet-fr","16":"product_tag-giant-squid-rings-fr","17":"product_tag-lula-fr","18":"product_tag-moluscos-fr","19":"product_tag-pota-fr","20":"product_tag-pota-gigante-fr","21":"product_tag-poton-fr","22":"product_tag-poton-del-pacifico-fr","24":"first","25":"instock","26":"shipping-taxable","27":"product-type-simple"},"_links":{"self":[{"href":"https:\/\/eurofishlodi.com\/fr\/wp-json\/wp\/v2\/product\/11606","targetHints":{"allow":["GET"]}}],"collection":[{"href":"https:\/\/eurofishlodi.com\/fr\/wp-json\/wp\/v2\/product"}],"about":[{"href":"https:\/\/eurofishlodi.com\/fr\/wp-json\/wp\/v2\/types\/product"}],"wp:featuredmedia":[{"embeddable":true,"href":"https:\/\/eurofishlodi.com\/fr\/wp-json\/wp\/v2\/media\/10252"}],"wp:attachment":[{"href":"https:\/\/eurofishlodi.com\/fr\/wp-json\/wp\/v2\/media?parent=11606"}],"wp:term":[{"taxonomy":"product_brand","embeddable":true,"href":"https:\/\/eurofishlodi.com\/fr\/wp-json\/wp\/v2\/product_brand?post=11606"},{"taxonomy":"product_cat","embeddable":true,"href":"https:\/\/eurofishlodi.com\/fr\/wp-json\/wp\/v2\/product_cat?post=11606"},{"taxonomy":"product_tag","embeddable":true,"href":"https:\/\/eurofishlodi.com\/fr\/wp-json\/wp\/v2\/product_tag?post=11606"}],"curies":[{"name":"wp","href":"https:\/\/api.w.org\/{rel}","templated":true}]}}