{"id":11603,"date":"2023-08-23T08:18:02","date_gmt":"2023-08-23T08:18:02","guid":{"rendered":"https:\/\/eurofishlodi.com\/productos\/non class\u00e9\/lamelles-de-calamar-geant\/"},"modified":"2023-08-23T08:18:02","modified_gmt":"2023-08-23T08:18:02","slug":"lamelles-de-calamar-geant","status":"publish","type":"product","link":"https:\/\/eurofishlodi.com\/fr\/producto\/lamelles-de-calamar-geant\/","title":{"rendered":"Lamelles de calamar g\u00e9ant"},"content":{"rendered":"","protected":false},"excerpt":{"rendered":"<p><em>Dosidicus gigas (GIS)<\/em><br \/>\n<strong>Origine:<\/strong> Per\u00fa<br \/>\n<strong>Zone FAO:<\/strong> 87, Pacifique<br \/>\n<strong>Commercialisation:<\/strong> anneaux surgel\u00e9s IQF<br \/>\n<strong>Ingredients:<\/strong> Calamar g\u00e9ant, eau, sel, stabilisant E-330, antioxydant (acide citrique) et r\u00e9gulateur d&rsquo;acidit\u00e9 E-501.<\/p>\n","protected":false},"featured_media":10255,"template":"","meta":[],"product_brand":[],"product_cat":[2824],"product_tag":[2832,1569,2339,3355,3454,3455,1457,2300,3243,3248,3249,3352,3457,3453,3357,3452,3456,3458],"class_list":{"0":"post-11603","1":"product","2":"type-product","3":"status-publish","4":"has-post-thumbnail","6":"product_cat-cephalopodes-fr","7":"product_tag-calamar-congelado-fr","8":"product_tag-cefalopodos-fr","9":"product_tag-encornet-fr","10":"product_tag-giant-squid-strips-fr","11":"product_tag-lamelles-fr","12":"product_tag-lamelles-de-calamar-fr","13":"product_tag-moluscos-fr","14":"product_tag-pota-fr","15":"product_tag-pota-gigante-fr","16":"product_tag-poton-fr","17":"product_tag-poton-del-pacifico-fr","18":"product_tag-rabas-fr","19":"product_tag-rabas-de-calamar-fr","20":"product_tag-strisce-fr","21":"product_tag-strisce-di-totano-fr","22":"product_tag-tiras-fr","23":"product_tag-tiras-de-calamar-congeladas-fr","24":"product_tag-tiras-de-pota-fr","26":"first","27":"instock","28":"shipping-taxable","29":"product-type-simple"},"_links":{"self":[{"href":"https:\/\/eurofishlodi.com\/fr\/wp-json\/wp\/v2\/product\/11603","targetHints":{"allow":["GET"]}}],"collection":[{"href":"https:\/\/eurofishlodi.com\/fr\/wp-json\/wp\/v2\/product"}],"about":[{"href":"https:\/\/eurofishlodi.com\/fr\/wp-json\/wp\/v2\/types\/product"}],"wp:featuredmedia":[{"embeddable":true,"href":"https:\/\/eurofishlodi.com\/fr\/wp-json\/wp\/v2\/media\/10255"}],"wp:attachment":[{"href":"https:\/\/eurofishlodi.com\/fr\/wp-json\/wp\/v2\/media?parent=11603"}],"wp:term":[{"taxonomy":"product_brand","embeddable":true,"href":"https:\/\/eurofishlodi.com\/fr\/wp-json\/wp\/v2\/product_brand?post=11603"},{"taxonomy":"product_cat","embeddable":true,"href":"https:\/\/eurofishlodi.com\/fr\/wp-json\/wp\/v2\/product_cat?post=11603"},{"taxonomy":"product_tag","embeddable":true,"href":"https:\/\/eurofishlodi.com\/fr\/wp-json\/wp\/v2\/product_tag?post=11603"}],"curies":[{"name":"wp","href":"https:\/\/api.w.org\/{rel}","templated":true}]}}