{"id":11597,"date":"2023-08-23T08:29:18","date_gmt":"2023-08-23T08:29:18","guid":{"rendered":"https:\/\/eurofishlodi.com\/productos\/non%20class\u00e9\/gambon-escarlate-2\/"},"modified":"2024-04-15T14:56:10","modified_gmt":"2024-04-15T14:56:10","slug":"gambon-escarlate-2","status":"publish","type":"product","link":"https:\/\/eurofishlodi.com\/fr\/producto\/gambon-escarlate-2\/","title":{"rendered":"Gambon \u00e9scarlate"},"content":{"rendered":"","protected":false},"excerpt":{"rendered":"<p><em>Plesiopenaeus edwardsianus (SSH)<\/em><br \/>\n<strong>Origine:<\/strong> Maroc<br \/>\n<strong>Zone FAO:<\/strong> 34, Atlantique<\/p>\n<p><strong>Commercialisation:<\/strong> entier<br \/>\n<strong>Format habituel:<\/strong> cartons de 10 kg avec paquets de 1 kg \u00e0 l&rsquo;int\u00e9rieur.<br \/>\n<strong>Tailles:<\/strong> large gamme de 6-7 pi\u00e8ces \u00e0 30-35 pi\u00e8ces\/kg.<br \/>\n<strong>Ingredients:<\/strong> gambon \u00e9scarlate, E-223, E-331iii, E-450i et du sel<\/p>\n","protected":false},"featured_media":10264,"template":"","meta":[],"product_brand":[],"product_cat":[1705],"product_tag":[3435,2371,2368,2404,1458,1459,2367,3437,3436,1454,2759,3434,2369,1455],"class_list":{"0":"post-11597","1":"product","2":"type-product","3":"status-publish","4":"has-post-thumbnail","6":"product_cat-crustaces-et-bivalves-fr","7":"product_tag-brillante-fr","8":"product_tag-carabineiro-fr","9":"product_tag-carabinero-fr","10":"product_tag-crevette-rouge-fr","11":"product_tag-fruits-de-mer-fr","12":"product_tag-frutti-di-mare-fr","13":"product_tag-gambero-rosso-fr","14":"product_tag-gambero-rosso-atlantico-fr","15":"product_tag-gambot-fr","16":"product_tag-marisco-fr","17":"product_tag-marisco-congelado-fr","18":"product_tag-moruno-brillante-fr","19":"product_tag-scarlet-prawn-fr","20":"product_tag-seafood-fr","22":"first","23":"instock","24":"shipping-taxable","25":"product-type-simple"},"_links":{"self":[{"href":"https:\/\/eurofishlodi.com\/fr\/wp-json\/wp\/v2\/product\/11597","targetHints":{"allow":["GET"]}}],"collection":[{"href":"https:\/\/eurofishlodi.com\/fr\/wp-json\/wp\/v2\/product"}],"about":[{"href":"https:\/\/eurofishlodi.com\/fr\/wp-json\/wp\/v2\/types\/product"}],"wp:featuredmedia":[{"embeddable":true,"href":"https:\/\/eurofishlodi.com\/fr\/wp-json\/wp\/v2\/media\/10264"}],"wp:attachment":[{"href":"https:\/\/eurofishlodi.com\/fr\/wp-json\/wp\/v2\/media?parent=11597"}],"wp:term":[{"taxonomy":"product_brand","embeddable":true,"href":"https:\/\/eurofishlodi.com\/fr\/wp-json\/wp\/v2\/product_brand?post=11597"},{"taxonomy":"product_cat","embeddable":true,"href":"https:\/\/eurofishlodi.com\/fr\/wp-json\/wp\/v2\/product_cat?post=11597"},{"taxonomy":"product_tag","embeddable":true,"href":"https:\/\/eurofishlodi.com\/fr\/wp-json\/wp\/v2\/product_tag?post=11597"}],"curies":[{"name":"wp","href":"https:\/\/api.w.org\/{rel}","templated":true}]}}