{"id":11582,"date":"2023-08-25T08:20:43","date_gmt":"2023-08-25T08:20:43","guid":{"rendered":"https:\/\/eurofishlodi.com\/productos\/non%20class\u00e9\/anneaux-lamelles-dencornet-geant\/"},"modified":"2024-04-09T13:50:58","modified_gmt":"2024-04-09T13:50:58","slug":"anneaux-lamelles-dencornet-geant","status":"publish","type":"product","link":"https:\/\/eurofishlodi.com\/fr\/producto\/anneaux-lamelles-dencornet-geant\/","title":{"rendered":"Anneaux \/ Lamelles d&rsquo;encornet g\u00e9ant"},"content":{"rendered":"","protected":false},"excerpt":{"rendered":"<p><em>Dosidicus gigas (GIS)<\/em><br \/>\n<strong>Origine:<\/strong> P\u00e9rou \/ Chili<br \/>\n<strong>Zone FAO:<\/strong> 87, Pacifique Sud-Est<\/p>\n<p><strong>Processing:<\/strong> thawed in brine.<br \/>\n<strong>\u2022 Sec:<\/strong> Dispos\u00e9 dans des caisses EPS recouvertes de glace.<br \/>\n<strong>\u2022 Dans l&rsquo;eau:<\/strong> En sac LDPE\/LLDPE avec de l&rsquo;eau et de la glace \u00e0 l&rsquo;int\u00e9rieur dispos\u00e9s dans des bo\u00eetes EPS.<br \/>\n<strong>Format:<\/strong> x3, x4, x5, x6kg<\/p>\n<p><strong>Ingredients:<\/strong> Encornet g\u00e9ant, eau, sel, stabilisant (E-331), antioxydant (acide citrique) et r\u00e9gulateur d&rsquo;acidit\u00e9 (E-501).<\/p>\n<p><a class=\"btn btn-color-primary btn-style-link btn-style-rectangle btn-size-default\" title=\"Thonine\" href=\"https:\/\/eurofishlodi.com\/wp-content\/uploads\/2023\/12\/Anillas-y-Tiras-de-Pota.pdf\" target=\"_blank\" rel=\"noopener\" download=\"\">Fiche technique<\/a><\/p>\n","protected":false},"featured_media":10306,"template":"","meta":[],"product_brand":[],"product_cat":[1894],"product_tag":[3356,3350,3351,3359,3358,2342,3245,3355,1457,2300,3243,3248,3249,3352,3354,3357,3353],"class_list":{"0":"post-11582","1":"product","2":"type-product","3":"status-publish","4":"has-post-thumbnail","6":"product_cat-cephalopodes-et-bivalves","7":"product_tag-anelli-di-totano-fr","8":"product_tag-anillas-fr","9":"product_tag-anillas-de-calamar-fr","10":"product_tag-anneaux-fr","11":"product_tag-anneaux-de-calmar-fr","12":"product_tag-calamares-fr","13":"product_tag-giant-squid-fr","14":"product_tag-giant-squid-strips-fr","15":"product_tag-moluscos-fr","16":"product_tag-pota-fr","17":"product_tag-pota-gigante-fr","18":"product_tag-poton-fr","19":"product_tag-poton-del-pacifico-fr","20":"product_tag-rabas-fr","21":"product_tag-rings-fr","22":"product_tag-strisce-di-totano-fr","23":"product_tag-tiras-de-calamar-fr","25":"first","26":"instock","27":"shipping-taxable","28":"product-type-simple"},"_links":{"self":[{"href":"https:\/\/eurofishlodi.com\/fr\/wp-json\/wp\/v2\/product\/11582","targetHints":{"allow":["GET"]}}],"collection":[{"href":"https:\/\/eurofishlodi.com\/fr\/wp-json\/wp\/v2\/product"}],"about":[{"href":"https:\/\/eurofishlodi.com\/fr\/wp-json\/wp\/v2\/types\/product"}],"wp:featuredmedia":[{"embeddable":true,"href":"https:\/\/eurofishlodi.com\/fr\/wp-json\/wp\/v2\/media\/10306"}],"wp:attachment":[{"href":"https:\/\/eurofishlodi.com\/fr\/wp-json\/wp\/v2\/media?parent=11582"}],"wp:term":[{"taxonomy":"product_brand","embeddable":true,"href":"https:\/\/eurofishlodi.com\/fr\/wp-json\/wp\/v2\/product_brand?post=11582"},{"taxonomy":"product_cat","embeddable":true,"href":"https:\/\/eurofishlodi.com\/fr\/wp-json\/wp\/v2\/product_cat?post=11582"},{"taxonomy":"product_tag","embeddable":true,"href":"https:\/\/eurofishlodi.com\/fr\/wp-json\/wp\/v2\/product_tag?post=11582"}],"curies":[{"name":"wp","href":"https:\/\/api.w.org\/{rel}","templated":true}]}}