{"id":11579,"date":"2023-08-25T08:26:53","date_gmt":"2023-08-25T08:26:53","guid":{"rendered":"https:\/\/eurofishlodi.com\/productos\/non class\u00e9\/calamar-indien-2\/"},"modified":"2023-08-25T08:26:53","modified_gmt":"2023-08-25T08:26:53","slug":"calamar-indien-2","status":"publish","type":"product","link":"https:\/\/eurofishlodi.com\/fr\/producto\/calamar-indien-2\/","title":{"rendered":"Calamar indien"},"content":{"rendered":"","protected":false},"excerpt":{"rendered":"<p><em>Loligo duvauceli (OJD)<\/em><br \/>\n<strong>Origine:<\/strong> Inde<br \/>\n<strong>Zona FAO:<\/strong> 51, Oc\u00e9an Indien occidental.<\/p>\n<p><strong>Commercialisation : calamars, avec peau et nageoires, d\u00e9congel\u00e9s en saumure<\/strong><br \/>\n<strong>\u2022 Sec:<\/strong> Dispos\u00e9 dans des caisses EPS recouvertes de glace.<br \/>\n<strong>\u2022 Dans l&rsquo;eau:<\/strong> En sac LDPE\/LLDPE avec de l&rsquo;eau et de la glace \u00e0 l&rsquo;int\u00e9rieur dispos\u00e9s dans des bo\u00eetes EPS.<br \/>\n<strong>Format:<\/strong> x3, x4, x5, x6kg<\/p>\n<p><strong>Ingredients:<\/strong> Calamar, eau, sel, stabilisant (E-331) et antioxydant (acide citrique).<\/p>\n<p><a class=\"btn btn-color-primary btn-style-link btn-style-rectangle btn-size-default\" title=\"Thonine\" href=\"https:\/\/eurofishlodi.com\/wp-content\/uploads\/2023\/12\/Calamar-indio.pdf\" target=\"_blank\" rel=\"noopener\" download=\"\">Fiche technique<\/a><\/p>\n","protected":false},"featured_media":10312,"template":"","meta":[],"product_brand":[],"product_cat":[1894],"product_tag":[1895,3331,3332,3163,3333,3328,3329,1897,1569,3166,2340,1457,3315,1896,3330],"class_list":{"0":"post-11579","1":"product","2":"type-product","3":"status-publish","4":"has-post-thumbnail","6":"product_cat-cephalopodes-et-bivalves","7":"product_tag-calamar-fr","8":"product_tag-calamar-3-6-fr","9":"product_tag-calamar-6-10-fr","10":"product_tag-calamar-descongelado-fr","11":"product_tag-calamar-en-salmuera-fr","12":"product_tag-calamar-indio-fr","13":"product_tag-calamaro-indiano-fr","14":"product_tag-calmar-fr","15":"product_tag-cefalopodos-fr","16":"product_tag-indian-squid-fr","17":"product_tag-lula-fr","18":"product_tag-moluscos-fr","19":"product_tag-salamoia-fr","20":"product_tag-squid-fr","21":"product_tag-txipiron-fr","23":"first","24":"instock","25":"shipping-taxable","26":"product-type-simple"},"_links":{"self":[{"href":"https:\/\/eurofishlodi.com\/fr\/wp-json\/wp\/v2\/product\/11579","targetHints":{"allow":["GET"]}}],"collection":[{"href":"https:\/\/eurofishlodi.com\/fr\/wp-json\/wp\/v2\/product"}],"about":[{"href":"https:\/\/eurofishlodi.com\/fr\/wp-json\/wp\/v2\/types\/product"}],"wp:featuredmedia":[{"embeddable":true,"href":"https:\/\/eurofishlodi.com\/fr\/wp-json\/wp\/v2\/media\/10312"}],"wp:attachment":[{"href":"https:\/\/eurofishlodi.com\/fr\/wp-json\/wp\/v2\/media?parent=11579"}],"wp:term":[{"taxonomy":"product_brand","embeddable":true,"href":"https:\/\/eurofishlodi.com\/fr\/wp-json\/wp\/v2\/product_brand?post=11579"},{"taxonomy":"product_cat","embeddable":true,"href":"https:\/\/eurofishlodi.com\/fr\/wp-json\/wp\/v2\/product_cat?post=11579"},{"taxonomy":"product_tag","embeddable":true,"href":"https:\/\/eurofishlodi.com\/fr\/wp-json\/wp\/v2\/product_tag?post=11579"}],"curies":[{"name":"wp","href":"https:\/\/api.w.org\/{rel}","templated":true}]}}