{"id":11576,"date":"2023-08-25T08:29:36","date_gmt":"2023-08-25T08:29:36","guid":{"rendered":"https:\/\/eurofishlodi.com\/productos\/non class\u00e9\/calamar-du-cap\/"},"modified":"2023-08-25T08:29:36","modified_gmt":"2023-08-25T08:29:36","slug":"calamar-du-cap","status":"publish","type":"product","link":"https:\/\/eurofishlodi.com\/fr\/producto\/calamar-du-cap\/","title":{"rendered":"Calamar du Cap"},"content":{"rendered":"","protected":false},"excerpt":{"rendered":"<p><em>Loligo reynaudii (CHO)<\/em><br \/>\n<strong>Origine:<\/strong> Afrique du Sud<br \/>\n<strong>Zona FAO:<\/strong> 47, Atlantique Sud-Est<\/p>\n<p><strong>Commercialisation:<\/strong> calamars non nettoy\u00e9s, avec peau et nageoires, d\u00e9congel\u00e9s en saumure.<br \/>\n<strong>\u2022 Sec:<\/strong> Dispos\u00e9 dans des caisses EPS recouvertes de glace.<br \/>\n<strong>\u2022 Dans l&rsquo;eau:<\/strong> En sac LDPE\/LLDPE avec de l&rsquo;eau et de la glace \u00e0 l&rsquo;int\u00e9rieur dispos\u00e9s dans des bo\u00eetes EPS.<br \/>\n<strong>Format:<\/strong> x3, x4, x5, x6kg<\/p>\n<p><strong>Ingredients:<\/strong> Calamar, eau, sel, stabilisant (E-331) et antioxydant (acide citrique).<\/p>\n<p><a class=\"btn btn-color-primary btn-style-link btn-style-rectangle btn-size-default\" title=\"Thonine\" href=\"https:\/\/eurofishlodi.com\/wp-content\/uploads\/2023\/12\/Calamar-Sudafrica.pdf\" target=\"_blank\" rel=\"noopener\" download=\"\">Fiche technique<\/a><\/p>\n","protected":false},"featured_media":10321,"template":"","meta":[],"product_brand":[],"product_cat":[1894],"product_tag":[1895,2854,3163,3314,2853,3312,1897,3313,2855,1569,2339,2340,1457,3315,3316,1896],"class_list":{"0":"post-11576","1":"product","2":"type-product","3":"status-publish","4":"has-post-thumbnail","6":"product_cat-cephalopodes-et-bivalves","7":"product_tag-calamar-fr","8":"product_tag-calamar-de-sudafrica-fr","9":"product_tag-calamar-descongelado-fr","10":"product_tag-calamar-en-agua-fr","11":"product_tag-calamar-sudafricano-fr","12":"product_tag-calamaro-sudafrica-fr","13":"product_tag-calmar-fr","14":"product_tag-calmar-du-cap-fr","15":"product_tag-cape-hope-squid-fr","16":"product_tag-cefalopodos-fr","17":"product_tag-encornet-fr","18":"product_tag-lula-fr","19":"product_tag-moluscos-fr","20":"product_tag-salamoia-fr","21":"product_tag-salmuera-fr","22":"product_tag-squid-fr","24":"first","25":"instock","26":"shipping-taxable","27":"product-type-simple"},"_links":{"self":[{"href":"https:\/\/eurofishlodi.com\/fr\/wp-json\/wp\/v2\/product\/11576","targetHints":{"allow":["GET"]}}],"collection":[{"href":"https:\/\/eurofishlodi.com\/fr\/wp-json\/wp\/v2\/product"}],"about":[{"href":"https:\/\/eurofishlodi.com\/fr\/wp-json\/wp\/v2\/types\/product"}],"wp:featuredmedia":[{"embeddable":true,"href":"https:\/\/eurofishlodi.com\/fr\/wp-json\/wp\/v2\/media\/10321"}],"wp:attachment":[{"href":"https:\/\/eurofishlodi.com\/fr\/wp-json\/wp\/v2\/media?parent=11576"}],"wp:term":[{"taxonomy":"product_brand","embeddable":true,"href":"https:\/\/eurofishlodi.com\/fr\/wp-json\/wp\/v2\/product_brand?post=11576"},{"taxonomy":"product_cat","embeddable":true,"href":"https:\/\/eurofishlodi.com\/fr\/wp-json\/wp\/v2\/product_cat?post=11576"},{"taxonomy":"product_tag","embeddable":true,"href":"https:\/\/eurofishlodi.com\/fr\/wp-json\/wp\/v2\/product_tag?post=11576"}],"curies":[{"name":"wp","href":"https:\/\/api.w.org\/{rel}","templated":true}]}}