{"id":11573,"date":"2023-08-25T08:32:20","date_gmt":"2023-08-25T08:32:20","guid":{"rendered":"https:\/\/eurofishlodi.com\/productos\/non class\u00e9\/calamar-de-patagonie\/"},"modified":"2023-08-25T08:32:20","modified_gmt":"2023-08-25T08:32:20","slug":"calamar-de-patagonie","status":"publish","type":"product","link":"https:\/\/eurofishlodi.com\/fr\/producto\/calamar-de-patagonie\/","title":{"rendered":"Calamar de Patagonie"},"content":{"rendered":"","protected":false},"excerpt":{"rendered":"<p><em>Loligo patagonica = Doryteuthis gahi (SQP)<\/em><br \/>\n<strong>Origine:<\/strong> Variable<br \/>\n<strong>Zone FAO:<\/strong> 41, Atlantique sud-ouest<\/p>\n<p><strong>Commercialisation:<\/strong> calamars non nettoy\u00e9s, avec peau et nageoires, d\u00e9congel\u00e9s en saumure.<br \/>\n<strong>\u2022 Sec:<\/strong> Dispos\u00e9 dans des caisses EPS recouvertes de glace.<br \/>\n<strong>\u2022 Dans l&rsquo;eau:<\/strong> En sac LDPE\/LLDPE avec de l&rsquo;eau et de la glace \u00e0 l&rsquo;int\u00e9rieur dispos\u00e9s dans des bo\u00eetes EPS.<br \/>\n<strong>Format:<\/strong> x3, x4, x5, x6kg<\/p>\n<p><strong>Ingredients:<\/strong> Calamar, eau, sel, stabilisant (E-331) et antioxydant (acide citrique).<\/p>\n<p><a class=\"btn btn-color-primary btn-style-link btn-style-rectangle btn-size-default\" title=\"Thonine\" href=\"https:\/\/eurofishlodi.com\/wp-content\/uploads\/2023\/12\/Calamar-patagonico.pdf\" target=\"_blank\" rel=\"noopener\" download=\"\">Fiche technique<\/a><\/p>\n","protected":false},"featured_media":10324,"template":"","meta":[],"product_brand":[],"product_cat":[1894],"product_tag":[1895,3299,2867,2341,3301,1897,3300,1569,2340,3302,1457,2869,2868],"class_list":{"0":"post-11573","1":"product","2":"type-product","3":"status-publish","4":"has-post-thumbnail","6":"product_cat-cephalopodes-et-bivalves","7":"product_tag-calamar-fr","8":"product_tag-calamar-del-peru-fr","9":"product_tag-calamar-patagonico-fr","10":"product_tag-calamaro-fr","11":"product_tag-calamaro-oceanico-fr","12":"product_tag-calmar-fr","13":"product_tag-calmar-de-patagonie-fr","14":"product_tag-cefalopodos-fr","15":"product_tag-lula-fr","16":"product_tag-lula-patagonica-fr","17":"product_tag-moluscos-fr","18":"product_tag-patagonian-squid-fr","19":"product_tag-patagonico-fr","21":"first","22":"instock","23":"shipping-taxable","24":"product-type-simple"},"_links":{"self":[{"href":"https:\/\/eurofishlodi.com\/fr\/wp-json\/wp\/v2\/product\/11573","targetHints":{"allow":["GET"]}}],"collection":[{"href":"https:\/\/eurofishlodi.com\/fr\/wp-json\/wp\/v2\/product"}],"about":[{"href":"https:\/\/eurofishlodi.com\/fr\/wp-json\/wp\/v2\/types\/product"}],"wp:featuredmedia":[{"embeddable":true,"href":"https:\/\/eurofishlodi.com\/fr\/wp-json\/wp\/v2\/media\/10324"}],"wp:attachment":[{"href":"https:\/\/eurofishlodi.com\/fr\/wp-json\/wp\/v2\/media?parent=11573"}],"wp:term":[{"taxonomy":"product_brand","embeddable":true,"href":"https:\/\/eurofishlodi.com\/fr\/wp-json\/wp\/v2\/product_brand?post=11573"},{"taxonomy":"product_cat","embeddable":true,"href":"https:\/\/eurofishlodi.com\/fr\/wp-json\/wp\/v2\/product_cat?post=11573"},{"taxonomy":"product_tag","embeddable":true,"href":"https:\/\/eurofishlodi.com\/fr\/wp-json\/wp\/v2\/product_tag?post=11573"}],"curies":[{"name":"wp","href":"https:\/\/api.w.org\/{rel}","templated":true}]}}