{"id":11565,"date":"2023-08-25T08:44:58","date_gmt":"2023-08-25T08:44:58","guid":{"rendered":"https:\/\/eurofishlodi.com\/productos\/non class\u00e9\/tentacules-dencornet-rouge-2\/"},"modified":"2023-08-25T08:44:58","modified_gmt":"2023-08-25T08:44:58","slug":"tentacules-dencornet-rouge-2","status":"publish","type":"product","link":"https:\/\/eurofishlodi.com\/fr\/producto\/tentacules-dencornet-rouge-2\/","title":{"rendered":"Tentacules d&rsquo;encornet rouge"},"content":{"rendered":"","protected":false},"excerpt":{"rendered":"<p><em>Illex argentinus (SQA)<\/em><br \/>\n<strong>Origine:<\/strong> Argentine<br \/>\n<strong>Zone FAO:<\/strong> 41, Atlantique sud-ouest<\/p>\n<p>Commercialisation: tentacules d&rsquo;encornet argentin, d\u00e9congel\u00e9s en saumure.<br \/>\n<strong>\u2022 Sec:<\/strong> Dispos\u00e9 dans des caisses EPS recouvertes de glace.<br \/>\n<strong>\u2022 Dans l&rsquo;eau:<\/strong> En sac LDPE\/LLDPE avec de l&rsquo;eau et de la glace \u00e0 l&rsquo;int\u00e9rieur dispos\u00e9s dans des bo\u00eetes EPS.<br \/>\n<strong>Format:<\/strong> x3, x4, x5, x6kg<\/p>\n<p>Ingredients: encornet rouge, eau, sel, stabilisant (E-331) et antioxydant (acide citrique).<\/p>\n<p><a class=\"btn btn-color-primary btn-style-link btn-style-rectangle btn-size-default\" title=\"Thonine\" href=\"https:\/\/eurofishlodi.com\/wp-content\/uploads\/2023\/12\/Rejo-de-pota-argentina.pdf\" target=\"_blank\" rel=\"noopener\" download=\"\">Fiche technique<\/a><\/p>\n","protected":false},"featured_media":10333,"template":"","meta":[],"product_brand":[],"product_cat":[1894],"product_tag":[3274,3276,2828,1457,2826,3243,3272,3241,3271,3273,3247,3275,2825,2827,3244],"class_list":{"0":"post-11565","1":"product","2":"type-product","3":"status-publish","4":"has-post-thumbnail","6":"product_cat-cephalopodes-et-bivalves","7":"product_tag-argentine-squid-tentacles-fr","8":"product_tag-encornet-argentine-fr","9":"product_tag-encornet-rouge-fr","10":"product_tag-moluscos-fr","11":"product_tag-pota-argentina-fr","12":"product_tag-pota-gigante-fr","13":"product_tag-rejito-fr","14":"product_tag-rejo-de-pota-fr","15":"product_tag-rejo-de-pota-argentina-fr","16":"product_tag-shortfin-squid-tentacles-fr","17":"product_tag-tentacoli-di-totano-fr","18":"product_tag-tentacoli-di-totano-atlantico-fr","19":"product_tag-tentacules-fr","20":"product_tag-tentaculos-fr","21":"product_tag-tentaculos-de-pota-fr","23":"first","24":"instock","25":"shipping-taxable","26":"product-type-simple"},"_links":{"self":[{"href":"https:\/\/eurofishlodi.com\/fr\/wp-json\/wp\/v2\/product\/11565","targetHints":{"allow":["GET"]}}],"collection":[{"href":"https:\/\/eurofishlodi.com\/fr\/wp-json\/wp\/v2\/product"}],"about":[{"href":"https:\/\/eurofishlodi.com\/fr\/wp-json\/wp\/v2\/types\/product"}],"wp:featuredmedia":[{"embeddable":true,"href":"https:\/\/eurofishlodi.com\/fr\/wp-json\/wp\/v2\/media\/10333"}],"wp:attachment":[{"href":"https:\/\/eurofishlodi.com\/fr\/wp-json\/wp\/v2\/media?parent=11565"}],"wp:term":[{"taxonomy":"product_brand","embeddable":true,"href":"https:\/\/eurofishlodi.com\/fr\/wp-json\/wp\/v2\/product_brand?post=11565"},{"taxonomy":"product_cat","embeddable":true,"href":"https:\/\/eurofishlodi.com\/fr\/wp-json\/wp\/v2\/product_cat?post=11565"},{"taxonomy":"product_tag","embeddable":true,"href":"https:\/\/eurofishlodi.com\/fr\/wp-json\/wp\/v2\/product_tag?post=11565"}],"curies":[{"name":"wp","href":"https:\/\/api.w.org\/{rel}","templated":true}]}}