{"id":11562,"date":"2023-08-25T08:47:18","date_gmt":"2023-08-25T08:47:18","guid":{"rendered":"https:\/\/eurofishlodi.com\/productos\/non class\u00e9\/tentacules-dencornet-geant\/"},"modified":"2023-08-25T08:47:18","modified_gmt":"2023-08-25T08:47:18","slug":"tentacules-dencornet-geant","status":"publish","type":"product","link":"https:\/\/eurofishlodi.com\/fr\/producto\/tentacules-dencornet-geant\/","title":{"rendered":"Tentacules d&rsquo;encornet g\u00e9ant"},"content":{"rendered":"","protected":false},"excerpt":{"rendered":"<p><em>Dosidicus gigas (GIS)<\/em><br \/>\n<strong>Origine:<\/strong> P\u00e9rou \/ Chili<br \/>\n<strong>Zone FAO:<\/strong> 87, Pacifique Sud-Est<\/p>\n<p><strong>Commercialisation:<\/strong> tentacules de calamar g\u00e9ant, d\u00e9congel\u00e9s en saumure<\/p>\n<p><strong>\u2022 Sec:<\/strong> Dispos\u00e9 dans des caisses EPS recouvertes de glace.<br \/>\n<strong>\u2022 Dans l&rsquo;eau:<\/strong> En sac LDPE\/LLDPE avec de l&rsquo;eau et de la glace \u00e0 l&rsquo;int\u00e9rieur dispos\u00e9s dans des bo\u00eetes EPS.<br \/>\n<strong>Format:<\/strong> x3, x4, x5, x6kg<\/p>\n<p><strong>Ingredients:<\/strong> encornet g\u00e9ant, eau, sel, stabilisant (E-331) et antioxydant (acide citrique).<\/p>\n<p><a class=\"btn btn-color-primary btn-style-link btn-style-rectangle btn-size-default\" title=\"Thonine\" href=\"https:\/\/eurofishlodi.com\/wp-content\/uploads\/2023\/12\/Rejo-de-pota-gigante.pdf\" target=\"_blank\" rel=\"noopener\" download=\"\">Fiche technique<\/a><\/p>\n","protected":false},"featured_media":10336,"template":"","meta":[],"product_brand":[],"product_cat":[1894],"product_tag":[3251,1569,3250,3245,3246,1457,3243,3248,3249,3241,3242,3247,2825,3244,3252],"class_list":{"0":"post-11562","1":"product","2":"type-product","3":"status-publish","4":"has-post-thumbnail","6":"product_cat-cephalopodes-et-bivalves","7":"product_tag-calmar-geant-fr","8":"product_tag-cefalopodos-fr","9":"product_tag-encornet-geant-fr","10":"product_tag-giant-squid-fr","11":"product_tag-giant-squid-tentacles-fr","12":"product_tag-moluscos-fr","13":"product_tag-pota-gigante-fr","14":"product_tag-poton-fr","15":"product_tag-poton-del-pacifico-fr","16":"product_tag-rejo-de-pota-fr","17":"product_tag-rejo-de-pota-gigante-fr","18":"product_tag-tentacoli-di-totano-fr","19":"product_tag-tentacules-fr","20":"product_tag-tentaculos-de-pota-fr","21":"product_tag-totano-gigante-fr","23":"first","24":"instock","25":"shipping-taxable","26":"product-type-simple"},"_links":{"self":[{"href":"https:\/\/eurofishlodi.com\/fr\/wp-json\/wp\/v2\/product\/11562","targetHints":{"allow":["GET"]}}],"collection":[{"href":"https:\/\/eurofishlodi.com\/fr\/wp-json\/wp\/v2\/product"}],"about":[{"href":"https:\/\/eurofishlodi.com\/fr\/wp-json\/wp\/v2\/types\/product"}],"wp:featuredmedia":[{"embeddable":true,"href":"https:\/\/eurofishlodi.com\/fr\/wp-json\/wp\/v2\/media\/10336"}],"wp:attachment":[{"href":"https:\/\/eurofishlodi.com\/fr\/wp-json\/wp\/v2\/media?parent=11562"}],"wp:term":[{"taxonomy":"product_brand","embeddable":true,"href":"https:\/\/eurofishlodi.com\/fr\/wp-json\/wp\/v2\/product_brand?post=11562"},{"taxonomy":"product_cat","embeddable":true,"href":"https:\/\/eurofishlodi.com\/fr\/wp-json\/wp\/v2\/product_cat?post=11562"},{"taxonomy":"product_tag","embeddable":true,"href":"https:\/\/eurofishlodi.com\/fr\/wp-json\/wp\/v2\/product_tag?post=11562"}],"curies":[{"name":"wp","href":"https:\/\/api.w.org\/{rel}","templated":true}]}}