{"id":11559,"date":"2023-08-25T08:49:16","date_gmt":"2023-08-25T08:49:16","guid":{"rendered":"https:\/\/eurofishlodi.com\/productos\/non class\u00e9\/seiche-nettoyee\/"},"modified":"2023-08-25T08:49:16","modified_gmt":"2023-08-25T08:49:16","slug":"seiche-nettoyee","status":"publish","type":"product","link":"https:\/\/eurofishlodi.com\/fr\/producto\/seiche-nettoyee\/","title":{"rendered":"Seiche nettoy\u00e9e"},"content":{"rendered":"","protected":false},"excerpt":{"rendered":"<p><em>Sepia officinalis (CTC) \/ Sepia pharaonis (IAH)<\/em><br \/>\n<strong>Origine:<\/strong> Maroc \/ Inde<br \/>\n<strong>Zone FAO:<\/strong> 34, Atlantique Centre-Est \/ 51, Oc\u00e9an Indien occidental<\/p>\n<p><strong>Commercialisation:<\/strong> seiche propre, d\u00e9congel\u00e9e en saumure<br \/>\n<strong>\u2022 Sec:<\/strong> Dispos\u00e9 dans des caisses EPS recouvertes de glace.<br \/>\n<strong>\u2022 Dans l&rsquo;eau:<\/strong> En sac LDPE\/LLDPE avec de l&rsquo;eau et de la glace \u00e0 l&rsquo;int\u00e9rieur dispos\u00e9s dans des bo\u00eetes EPS.<br \/>\n<strong>Format:<\/strong> x3, x4, x5, x6kg<\/p>\n<p><strong>Ingredients<\/strong>: Seiche, eau, sel, stabilisant (E-331), antioxydant (acide citrique) et r\u00e9gulateur d&rsquo;acidit\u00e9 (E-501).<\/p>\n<p><a class=\"btn btn-color-primary btn-style-link btn-style-rectangle btn-size-default\" title=\"Thonine\" href=\"https:\/\/eurofishlodi.com\/wp-content\/uploads\/2023\/12\/Sepia.pdf\" target=\"_blank\" rel=\"noopener\" download=\"\">Fiche technique<\/a><\/p>\n","protected":false},"featured_media":10339,"template":"","meta":[],"product_brand":[],"product_cat":[1894],"product_tag":[1569,2278,1457,2280,2277,3214,3216,3213,3217,3218,3219,2281,3220,3215],"class_list":{"0":"post-11559","1":"product","2":"type-product","3":"status-publish","4":"has-post-thumbnail","6":"product_cat-cephalopodes-et-bivalves","7":"product_tag-cefalopodos-fr","8":"product_tag-cuttlefish-fr","9":"product_tag-moluscos-fr","10":"product_tag-seiche-fr","11":"product_tag-sepia-fr","12":"product_tag-sepia-descongelada-fr","13":"product_tag-sepia-india-fr","14":"product_tag-sepia-limpia-fr","15":"product_tag-sepia-marruecos-fr","16":"product_tag-sepia-officinalis-fr","17":"product_tag-sepia-pharaonis-fr","18":"product_tag-seppia-fr","19":"product_tag-seppia-pulita-fr","20":"product_tag-thawed-cuttlefish-fr","22":"first","23":"instock","24":"shipping-taxable","25":"product-type-simple"},"_links":{"self":[{"href":"https:\/\/eurofishlodi.com\/fr\/wp-json\/wp\/v2\/product\/11559","targetHints":{"allow":["GET"]}}],"collection":[{"href":"https:\/\/eurofishlodi.com\/fr\/wp-json\/wp\/v2\/product"}],"about":[{"href":"https:\/\/eurofishlodi.com\/fr\/wp-json\/wp\/v2\/types\/product"}],"wp:featuredmedia":[{"embeddable":true,"href":"https:\/\/eurofishlodi.com\/fr\/wp-json\/wp\/v2\/media\/10339"}],"wp:attachment":[{"href":"https:\/\/eurofishlodi.com\/fr\/wp-json\/wp\/v2\/media?parent=11559"}],"wp:term":[{"taxonomy":"product_brand","embeddable":true,"href":"https:\/\/eurofishlodi.com\/fr\/wp-json\/wp\/v2\/product_brand?post=11559"},{"taxonomy":"product_cat","embeddable":true,"href":"https:\/\/eurofishlodi.com\/fr\/wp-json\/wp\/v2\/product_cat?post=11559"},{"taxonomy":"product_tag","embeddable":true,"href":"https:\/\/eurofishlodi.com\/fr\/wp-json\/wp\/v2\/product_tag?post=11559"}],"curies":[{"name":"wp","href":"https:\/\/api.w.org\/{rel}","templated":true}]}}