{"id":11556,"date":"2023-08-25T08:52:10","date_gmt":"2023-08-25T08:52:10","guid":{"rendered":"https:\/\/eurofishlodi.com\/productos\/non class\u00e9\/petit-poulpe\/"},"modified":"2023-08-25T08:52:10","modified_gmt":"2023-08-25T08:52:10","slug":"petit-poulpe","status":"publish","type":"product","link":"https:\/\/eurofishlodi.com\/fr\/producto\/petit-poulpe\/","title":{"rendered":"Petit poulpe"},"content":{"rendered":"","protected":false},"excerpt":{"rendered":"<p><em>Octopus membranaceus (OQR)<\/em><br \/>\n<strong>Origine:<\/strong> Inde<br \/>\n<strong>Zone FAO:<\/strong> 51\/57, Oc\u00e9an Indien<\/p>\n<p><strong>Commercialisation:<\/strong> entier, d\u00e9congel\u00e9 en saumure<\/p>\n<p><strong>\u2022 Dans l&rsquo;eau:<\/strong> En sac LDPE\/LLDPE avec de l&rsquo;eau et de la glace \u00e0 l&rsquo;int\u00e9rieur dispos\u00e9s dans des bo\u00eetes EPS.<br \/>\n<strong>Format:<\/strong> x3, x4, x5, x6kg<\/p>\n<p><strong>Ingredients:<\/strong> petit poulpe, eau, sel, acidulant E-500ii et antioxydant E-331iii<\/p>\n<p><a class=\"btn btn-color-primary btn-style-link btn-style-rectangle btn-size-default\" title=\"Thonine\" href=\"https:\/\/eurofishlodi.com\/wp-content\/uploads\/2023\/12\/Pulpito.pdf\" target=\"_blank\" rel=\"noopener\" download=\"\">Fiche technique<\/a><\/p>\n","protected":false},"featured_media":10342,"template":"","meta":[],"product_brand":[],"product_cat":[1894],"product_tag":[1569,3188,1457,3189,3190,3191,3194,1571,1927,3195,3187,3192,3193],"class_list":{"0":"post-11556","1":"product","2":"type-product","3":"status-publish","4":"has-post-thumbnail","6":"product_cat-cephalopodes-et-bivalves","7":"product_tag-cefalopodos-fr","8":"product_tag-little-octopus-fr","9":"product_tag-moluscos-fr","10":"product_tag-oktopus-fr","11":"product_tag-polpetti-fr","12":"product_tag-polpi-piccoli-fr","13":"product_tag-polpo-indopacifico-fr","14":"product_tag-polvo-fr","15":"product_tag-poulpe-fr","16":"product_tag-poulpe-quatre-yeux-fr","17":"product_tag-pulpito-fr","18":"product_tag-pulpo-descongelado-fr","19":"product_tag-pulpo-membranoso-fr","21":"first","22":"instock","23":"shipping-taxable","24":"product-type-simple"},"_links":{"self":[{"href":"https:\/\/eurofishlodi.com\/fr\/wp-json\/wp\/v2\/product\/11556","targetHints":{"allow":["GET"]}}],"collection":[{"href":"https:\/\/eurofishlodi.com\/fr\/wp-json\/wp\/v2\/product"}],"about":[{"href":"https:\/\/eurofishlodi.com\/fr\/wp-json\/wp\/v2\/types\/product"}],"wp:featuredmedia":[{"embeddable":true,"href":"https:\/\/eurofishlodi.com\/fr\/wp-json\/wp\/v2\/media\/10342"}],"wp:attachment":[{"href":"https:\/\/eurofishlodi.com\/fr\/wp-json\/wp\/v2\/media?parent=11556"}],"wp:term":[{"taxonomy":"product_brand","embeddable":true,"href":"https:\/\/eurofishlodi.com\/fr\/wp-json\/wp\/v2\/product_brand?post=11556"},{"taxonomy":"product_cat","embeddable":true,"href":"https:\/\/eurofishlodi.com\/fr\/wp-json\/wp\/v2\/product_cat?post=11556"},{"taxonomy":"product_tag","embeddable":true,"href":"https:\/\/eurofishlodi.com\/fr\/wp-json\/wp\/v2\/product_tag?post=11556"}],"curies":[{"name":"wp","href":"https:\/\/api.w.org\/{rel}","templated":true}]}}