{"id":11553,"date":"2023-08-25T08:54:12","date_gmt":"2023-08-25T08:54:12","guid":{"rendered":"https:\/\/eurofishlodi.com\/productos\/non%20class\u00e9\/calamar-indien\/"},"modified":"2024-04-03T14:22:21","modified_gmt":"2024-04-03T14:22:21","slug":"calamar-indien","status":"publish","type":"product","link":"https:\/\/eurofishlodi.com\/fr\/producto\/calamar-indien\/","title":{"rendered":"Petit calamar indien"},"content":{"rendered":"","protected":false},"excerpt":{"rendered":"<p><em>Loligo duvauceli (OJD)<\/em><br \/>\n<strong>Origine:<\/strong> Inde<br \/>\n<strong>Zone FAO:<\/strong> 51\/57, Oc\u00e9an Indien<\/p>\n<p><strong>Commercialisation:<\/strong> entier, d\u00e9congel\u00e9 en saumure<br \/>\n<strong>\u2022 Dans l&rsquo;eau:<\/strong> En sac LDPE\/LLDPE avec de l&rsquo;eau et de la glace \u00e0 l&rsquo;int\u00e9rieur dispos\u00e9s dans des bo\u00eetes EPS.<br \/>\n<strong>Format:<\/strong> x3, x4, x5, x6kg<\/p>\n<p><strong>Ingredients:<\/strong> calamar indien, eau, sel, acidulant E-500ii et antioxydant E-331iii<\/p>\n<p><a class=\"btn btn-color-primary btn-style-link btn-style-rectangle btn-size-default\" title=\"Thonine\" href=\"https:\/\/eurofishlodi.com\/wp-content\/uploads\/2023\/12\/Puntilla.pdf\" target=\"_blank\" rel=\"noopener\" download=\"\">Fiche technique<\/a><\/p>\n","protected":false},"featured_media":10348,"template":"","meta":[],"product_brand":[],"product_cat":[1894],"product_tag":[3157,3163,2342,3161,3160,3159,1569,3164,2339,3166,3165,2340,3162,3158,1457,3156],"class_list":{"0":"post-11553","1":"product","2":"type-product","3":"status-publish","4":"has-post-thumbnail","6":"product_cat-cephalopodes-et-bivalves","7":"product_tag-calamar-de-la-india-fr","8":"product_tag-calamar-descongelado-fr","9":"product_tag-calamares-fr","10":"product_tag-calamaretti-fr","11":"product_tag-calamaro-indopacifico-fr","12":"product_tag-calmar-indien-fr","13":"product_tag-cefalopodos-fr","14":"product_tag-chopitos-fr","15":"product_tag-encornet-fr","16":"product_tag-indian-squid-fr","17":"product_tag-little-squid-fr","18":"product_tag-lula-fr","19":"product_tag-lula-do-indico-fr","20":"product_tag-lura-do-indico-fr","21":"product_tag-moluscos-fr","22":"product_tag-puntilla-fr","24":"first","25":"instock","26":"shipping-taxable","27":"product-type-simple"},"_links":{"self":[{"href":"https:\/\/eurofishlodi.com\/fr\/wp-json\/wp\/v2\/product\/11553","targetHints":{"allow":["GET"]}}],"collection":[{"href":"https:\/\/eurofishlodi.com\/fr\/wp-json\/wp\/v2\/product"}],"about":[{"href":"https:\/\/eurofishlodi.com\/fr\/wp-json\/wp\/v2\/types\/product"}],"wp:featuredmedia":[{"embeddable":true,"href":"https:\/\/eurofishlodi.com\/fr\/wp-json\/wp\/v2\/media\/10348"}],"wp:attachment":[{"href":"https:\/\/eurofishlodi.com\/fr\/wp-json\/wp\/v2\/media?parent=11553"}],"wp:term":[{"taxonomy":"product_brand","embeddable":true,"href":"https:\/\/eurofishlodi.com\/fr\/wp-json\/wp\/v2\/product_brand?post=11553"},{"taxonomy":"product_cat","embeddable":true,"href":"https:\/\/eurofishlodi.com\/fr\/wp-json\/wp\/v2\/product_cat?post=11553"},{"taxonomy":"product_tag","embeddable":true,"href":"https:\/\/eurofishlodi.com\/fr\/wp-json\/wp\/v2\/product_tag?post=11553"}],"curies":[{"name":"wp","href":"https:\/\/api.w.org\/{rel}","templated":true}]}}