{"id":11547,"date":"2023-08-25T09:00:05","date_gmt":"2023-08-25T09:00:05","guid":{"rendered":"https:\/\/eurofishlodi.com\/productos\/non%20class\u00e9\/saint-jacques-du-pacifique\/"},"modified":"2024-04-03T13:51:33","modified_gmt":"2024-04-03T13:51:33","slug":"saint-jacques-du-pacifique","status":"publish","type":"product","link":"https:\/\/eurofishlodi.com\/fr\/producto\/saint-jacques-du-pacifique\/","title":{"rendered":"Saint Jacques du Pacifique"},"content":{"rendered":"","protected":false},"excerpt":{"rendered":"<p><em>Argopecten purpuratus (SCQ)<\/em><br \/>\n<strong>Origine:<\/strong> Per\u00fa<br \/>\n<strong>Zone FAO:<\/strong> 87, Pacifique Sud-Est (aquaculture)<\/p>\n<p><strong>Commercialisation:<\/strong> demi-coquille avec corail<br \/>\nDispos\u00e9 en barquettes de 6 unit\u00e9s sous atmosph\u00e8re contr\u00f4l\u00e9e, dans des caisses EPS.<br \/>\n<strong>Format:<\/strong> v\u00e9rifier la disponibilit\u00e9<\/p>\n<p><strong>Ingredients:<\/strong> Saint jacques 100% (sans additifs).<\/p>\n<p><a class=\"btn btn-color-primary btn-style-link btn-style-rectangle btn-size-default\" title=\"Thonine\" href=\"https:\/\/eurofishlodi.com\/wp-content\/uploads\/2023\/12\/Vieira-del-Pacifico.pdf\" target=\"_blank\" rel=\"noopener\" download=\"\">Fiche technique<\/a><\/p>\n","protected":false},"featured_media":10360,"template":"","meta":[],"product_brand":[],"product_cat":[1894],"product_tag":[1456,3101,3106,3100,1466,1461,3099,3104,3105,3103,3102],"class_list":{"0":"post-11547","1":"product","2":"type-product","3":"status-publish","4":"has-post-thumbnail","6":"product_cat-cephalopodes-et-bivalves","7":"product_tag-bivalves-fr","8":"product_tag-cappasanta-del-pacifico-fr","9":"product_tag-peruvian-scallop-fr","10":"product_tag-saint-jacques-fr","11":"product_tag-scallop-fr","12":"product_tag-vieira-fr","13":"product_tag-vieira-del-pacifico-fr","14":"product_tag-vieira-descongelada-fr","15":"product_tag-vieira-en-bandeja-fr","16":"product_tag-vieira-natural-fr","17":"product_tag-vieira-do-peru-fr","19":"first","20":"instock","21":"shipping-taxable","22":"product-type-simple"},"_links":{"self":[{"href":"https:\/\/eurofishlodi.com\/fr\/wp-json\/wp\/v2\/product\/11547","targetHints":{"allow":["GET"]}}],"collection":[{"href":"https:\/\/eurofishlodi.com\/fr\/wp-json\/wp\/v2\/product"}],"about":[{"href":"https:\/\/eurofishlodi.com\/fr\/wp-json\/wp\/v2\/types\/product"}],"wp:featuredmedia":[{"embeddable":true,"href":"https:\/\/eurofishlodi.com\/fr\/wp-json\/wp\/v2\/media\/10360"}],"wp:attachment":[{"href":"https:\/\/eurofishlodi.com\/fr\/wp-json\/wp\/v2\/media?parent=11547"}],"wp:term":[{"taxonomy":"product_brand","embeddable":true,"href":"https:\/\/eurofishlodi.com\/fr\/wp-json\/wp\/v2\/product_brand?post=11547"},{"taxonomy":"product_cat","embeddable":true,"href":"https:\/\/eurofishlodi.com\/fr\/wp-json\/wp\/v2\/product_cat?post=11547"},{"taxonomy":"product_tag","embeddable":true,"href":"https:\/\/eurofishlodi.com\/fr\/wp-json\/wp\/v2\/product_tag?post=11547"}],"curies":[{"name":"wp","href":"https:\/\/api.w.org\/{rel}","templated":true}]}}