{"id":11523,"date":"2023-08-25T09:27:09","date_gmt":"2023-08-25T09:27:09","guid":{"rendered":"https:\/\/eurofishlodi.com\/productos\/non class\u00e9\/longes-de-thon-superfrozen\/"},"modified":"2023-08-25T09:27:09","modified_gmt":"2023-08-25T09:27:09","slug":"longes-de-thon-superfrozen","status":"publish","type":"product","link":"https:\/\/eurofishlodi.com\/fr\/producto\/longes-de-thon-superfrozen\/","title":{"rendered":"Longes de Thon Superfrozen"},"content":{"rendered":"","protected":false},"excerpt":{"rendered":"<p><em>Thunnus albacares (YFT)<\/em><br \/>\n<strong>Origine:<\/strong> Variable (pas de m\u00e9lange d&rsquo;origines dans un m\u00eame lot)<br \/>\n<strong>Zone FAO:<\/strong> Variable (sans m\u00e9langer les zones dans un m\u00eame lot)<\/p>\n<p><strong>Commercialisation:<\/strong> longes naturelles d\u00e9congel\u00e9es, pouvant \u00eatre consomm\u00e9es crues jusqu&rsquo;\u00e0 deux jours avant la date d&rsquo;expiration.<br \/>\nEmball\u00e9 individuellement dans un sachet plastique et une bo\u00eete EPS.<br \/>\n<strong>Format:<\/strong> 2-6kg<\/p>\n<p><strong>Ingredients:<\/strong> Thon 100% (sans additifs)<\/p>\n<p><a class=\"btn btn-color-primary btn-style-link btn-style-rectangle btn-size-default\" title=\"Thonine\" href=\"https:\/\/eurofishlodi.com\/wp-content\/uploads\/2023\/12\/Lomo-de-atun-natural-superfrozen.pdf\" target=\"_blank\" rel=\"noopener\" download=\"\">Ficha T\u00e9cnica<\/a><\/p>\n","protected":false},"featured_media":10396,"template":"","meta":[],"product_brand":[],"product_cat":[1862],"product_tag":[2721,2667,2893,2894,2887,2888,2886,2892,2891,2890,2895,2670,2671,2896,2720,2669,2889,2718],"class_list":{"0":"post-11523","1":"product","2":"type-product","3":"status-publish","4":"has-post-thumbnail","6":"product_cat-filets-et-longes","7":"product_tag-atum-albacora-fr","8":"product_tag-atun-fr","9":"product_tag-atun-descongelado-fr","10":"product_tag-atun-natural-fr","11":"product_tag-atun-para-consumo-crudo-fr","12":"product_tag-atun-para-sushi-fr","13":"product_tag-atun-superfrozen-fr","14":"product_tag-filone-di-tonno-fr","15":"product_tag-lomo-de-atun-fr","16":"product_tag-longe-de-thon-fr","17":"product_tag-natural-tuna-fr","18":"product_tag-thon-fr","19":"product_tag-tonno-fr","20":"product_tag-tonno-naturale-fr","21":"product_tag-tonno-pinne-gialle-fr","22":"product_tag-tuna-fr","23":"product_tag-tuna-for-sushi-fr","24":"product_tag-yellowfin-tuna-fr","26":"first","27":"instock","28":"shipping-taxable","29":"product-type-simple"},"_links":{"self":[{"href":"https:\/\/eurofishlodi.com\/fr\/wp-json\/wp\/v2\/product\/11523","targetHints":{"allow":["GET"]}}],"collection":[{"href":"https:\/\/eurofishlodi.com\/fr\/wp-json\/wp\/v2\/product"}],"about":[{"href":"https:\/\/eurofishlodi.com\/fr\/wp-json\/wp\/v2\/types\/product"}],"wp:featuredmedia":[{"embeddable":true,"href":"https:\/\/eurofishlodi.com\/fr\/wp-json\/wp\/v2\/media\/10396"}],"wp:attachment":[{"href":"https:\/\/eurofishlodi.com\/fr\/wp-json\/wp\/v2\/media?parent=11523"}],"wp:term":[{"taxonomy":"product_brand","embeddable":true,"href":"https:\/\/eurofishlodi.com\/fr\/wp-json\/wp\/v2\/product_brand?post=11523"},{"taxonomy":"product_cat","embeddable":true,"href":"https:\/\/eurofishlodi.com\/fr\/wp-json\/wp\/v2\/product_cat?post=11523"},{"taxonomy":"product_tag","embeddable":true,"href":"https:\/\/eurofishlodi.com\/fr\/wp-json\/wp\/v2\/product_tag?post=11523"}],"curies":[{"name":"wp","href":"https:\/\/api.w.org\/{rel}","templated":true}]}}