{"id":11520,"date":"2023-09-09T11:08:05","date_gmt":"2023-09-09T11:08:05","guid":{"rendered":"https:\/\/eurofishlodi.com\/productos\/non class\u00e9\/calmar-de-patagonie\/"},"modified":"2023-09-09T11:08:05","modified_gmt":"2023-09-09T11:08:05","slug":"calmar-de-patagonie","status":"publish","type":"product","link":"https:\/\/eurofishlodi.com\/fr\/producto\/calmar-de-patagonie\/","title":{"rendered":"Calmar de Patagonie"},"content":{"rendered":"","protected":false},"excerpt":{"rendered":"<p><em>Loligo gahi (SQP)<\/em><br \/>\n<strong>Origine:<\/strong> Variable<br \/>\n<strong>Zone FAO:<\/strong> 41, Atlantique sud-ouest<\/p>\n<p><strong>Commercialisation:<\/strong> enti\u00e8re, non nettoy\u00e9e, avec peau et nageoires, surgel\u00e9e IQF<br \/>\n<strong>Ingredients:<\/strong> calmar de Patagonie, eau, sel, stabilisant E-331 et antioxydant (acide citrique). Gla\u00e7age 20%<br \/>\n<strong>Format: <\/strong>Vrac x6kg en cartons ou en sachets plastiques x1kg, en cartons x6kg.<br \/>\nSelon disponibilit\u00e9, autres formats sans gla\u00e7age<\/p>\n","protected":false},"featured_media":10462,"template":"","meta":[],"product_brand":[],"product_cat":[2824,2690],"product_tag":[2832,2867,2870,1897,2856,2340,1457,2869,2868,1896],"class_list":{"0":"post-11520","1":"product","2":"type-product","3":"status-publish","4":"has-post-thumbnail","6":"product_cat-cephalopodes-fr","7":"product_cat-surgele","8":"product_tag-calamar-congelado-fr","9":"product_tag-calamar-patagonico-fr","10":"product_tag-calamaro-congelato-fr","11":"product_tag-calmar-fr","12":"product_tag-frozen-squid-fr","13":"product_tag-lula-fr","14":"product_tag-moluscos-fr","15":"product_tag-patagonian-squid-fr","16":"product_tag-patagonico-fr","17":"product_tag-squid-fr","19":"first","20":"instock","21":"shipping-taxable","22":"product-type-simple"},"_links":{"self":[{"href":"https:\/\/eurofishlodi.com\/fr\/wp-json\/wp\/v2\/product\/11520","targetHints":{"allow":["GET"]}}],"collection":[{"href":"https:\/\/eurofishlodi.com\/fr\/wp-json\/wp\/v2\/product"}],"about":[{"href":"https:\/\/eurofishlodi.com\/fr\/wp-json\/wp\/v2\/types\/product"}],"wp:featuredmedia":[{"embeddable":true,"href":"https:\/\/eurofishlodi.com\/fr\/wp-json\/wp\/v2\/media\/10462"}],"wp:attachment":[{"href":"https:\/\/eurofishlodi.com\/fr\/wp-json\/wp\/v2\/media?parent=11520"}],"wp:term":[{"taxonomy":"product_brand","embeddable":true,"href":"https:\/\/eurofishlodi.com\/fr\/wp-json\/wp\/v2\/product_brand?post=11520"},{"taxonomy":"product_cat","embeddable":true,"href":"https:\/\/eurofishlodi.com\/fr\/wp-json\/wp\/v2\/product_cat?post=11520"},{"taxonomy":"product_tag","embeddable":true,"href":"https:\/\/eurofishlodi.com\/fr\/wp-json\/wp\/v2\/product_tag?post=11520"}],"curies":[{"name":"wp","href":"https:\/\/api.w.org\/{rel}","templated":true}]}}