{"id":11210,"date":"2024-03-22T13:44:08","date_gmt":"2024-03-22T13:44:08","guid":{"rendered":"https:\/\/eurofishlodi.com\/productos\/non class\u00e9\/noix-de-saint-jacques\/"},"modified":"2024-03-22T13:44:08","modified_gmt":"2024-03-22T13:44:08","slug":"noix-de-saint-jacques","status":"publish","type":"product","link":"https:\/\/eurofishlodi.com\/fr\/producto\/noix-de-saint-jacques\/","title":{"rendered":"Noix de Saint-Jacques"},"content":{"rendered":"","protected":false},"excerpt":{"rendered":"<p><em>Pecten maximus (SCE)<\/em><\/p>\n<p>Origine: France<\/p>\n<p>Zone FAO: 27 Oc\u00e9an Atlantique<\/p>\n<p>&nbsp;<\/p>\n<p>Commercialisation: viande fra\u00eeche d\u00e9cortiqu\u00e9e<\/p>\n<p>Format : vrac ou en barquette<\/p>\n","protected":false},"featured_media":11005,"template":"","meta":[],"product_brand":[],"product_cat":[1162],"product_tag":[1456,1467,1468,1460,1469,1462,1458,1459,1464,1454,1457,1463,1466,1465,1455,1461],"class_list":{"0":"post-11210","1":"product","2":"type-product","3":"status-publish","4":"has-post-thumbnail","6":"product_cat-crustaces-et-bivalves","7":"product_tag-bivalves-fr","8":"product_tag-cappasanta-fr","9":"product_tag-cappescante-fr","10":"product_tag-carne-de-vieira-fr","11":"product_tag-carne-di-cappasanta-fr","12":"product_tag-coquille-saint-jacques-fr","13":"product_tag-fruits-de-mer-fr","14":"product_tag-frutti-di-mare-fr","15":"product_tag-great-atlantic-scallop-fr","16":"product_tag-marisco-fr","17":"product_tag-moluscos-fr","18":"product_tag-noix-saint-jacques-fr","19":"product_tag-scallop-fr","20":"product_tag-scallop-meat-fr","21":"product_tag-seafood-fr","22":"product_tag-vieira-fr","24":"first","25":"instock","26":"shipping-taxable","27":"product-type-simple"},"_links":{"self":[{"href":"https:\/\/eurofishlodi.com\/fr\/wp-json\/wp\/v2\/product\/11210","targetHints":{"allow":["GET"]}}],"collection":[{"href":"https:\/\/eurofishlodi.com\/fr\/wp-json\/wp\/v2\/product"}],"about":[{"href":"https:\/\/eurofishlodi.com\/fr\/wp-json\/wp\/v2\/types\/product"}],"wp:featuredmedia":[{"embeddable":true,"href":"https:\/\/eurofishlodi.com\/fr\/wp-json\/wp\/v2\/media\/11005"}],"wp:attachment":[{"href":"https:\/\/eurofishlodi.com\/fr\/wp-json\/wp\/v2\/media?parent=11210"}],"wp:term":[{"taxonomy":"product_brand","embeddable":true,"href":"https:\/\/eurofishlodi.com\/fr\/wp-json\/wp\/v2\/product_brand?post=11210"},{"taxonomy":"product_cat","embeddable":true,"href":"https:\/\/eurofishlodi.com\/fr\/wp-json\/wp\/v2\/product_cat?post=11210"},{"taxonomy":"product_tag","embeddable":true,"href":"https:\/\/eurofishlodi.com\/fr\/wp-json\/wp\/v2\/product_tag?post=11210"}],"curies":[{"name":"wp","href":"https:\/\/api.w.org\/{rel}","templated":true}]}}