{"id":11174,"date":"2024-03-26T11:09:05","date_gmt":"2024-03-26T11:09:05","guid":{"rendered":"https:\/\/eurofishlodi.com\/productos\/non class\u00e9\/longe-despadon-naturelle\/"},"modified":"2024-03-26T11:09:05","modified_gmt":"2024-03-26T11:09:05","slug":"longe-despadon-naturelle","status":"publish","type":"product","link":"https:\/\/eurofishlodi.com\/fr\/producto\/longe-despadon-naturelle\/","title":{"rendered":"Longe d&rsquo;espadon naturelle"},"content":{"rendered":"","protected":false},"excerpt":{"rendered":"<p><em>Xiphias gladius (SWO)<\/em><\/p>\n<p><strong>Origine<\/strong>: Divers, sans m\u00e9lange d&rsquo;origines dans un m\u00eame lot<\/p>\n<p><strong>Zone FAO<\/strong>: Divers, sans m\u00e9lange de zones dans un m\u00eame lot<\/p>\n<p>&nbsp;<\/p>\n<p><strong>Commercialisation<\/strong>: surgel\u00e9 sans additifs<\/p>\n<p><strong>Format<\/strong>: longes conditionn\u00e9es sous vide ou en vrac. Coupe r\u00e9guli\u00e8re ou demi-lune.<\/p>\n<p><strong>Ingredients<\/strong>: espadon 100%<\/p>\n<p>&nbsp;<\/p>\n","protected":false},"featured_media":11137,"template":"","meta":[],"product_brand":[],"product_cat":[1005],"product_tag":[1054,1065,1064,1062,1060,1066,1056,1063,1053,1061,1055,1057,1058,1059],"class_list":{"0":"post-11174","1":"product","2":"type-product","3":"status-publish","4":"has-post-thumbnail","6":"product_cat-pescados-fr","7":"product_tag-espada-fr","8":"product_tag-espadarte-fr","9":"product_tag-espadon-fr","10":"product_tag-filone-di-pesce-spada-fr","11":"product_tag-frozen-swordfish-fr","12":"product_tag-lombo-espadarte-fr","13":"product_tag-lomo-de-pez-espada-fr","14":"product_tag-longe-despadon-fr","15":"product_tag-pescado-congelado-fr","16":"product_tag-pesce-spada-fr","17":"product_tag-pez-espada-fr","18":"product_tag-pez-espada-congelado-fr","19":"product_tag-swordfish-fr","20":"product_tag-swordfish-loins-fr","22":"first","23":"instock","24":"shipping-taxable","25":"product-type-simple"},"_links":{"self":[{"href":"https:\/\/eurofishlodi.com\/fr\/wp-json\/wp\/v2\/product\/11174","targetHints":{"allow":["GET"]}}],"collection":[{"href":"https:\/\/eurofishlodi.com\/fr\/wp-json\/wp\/v2\/product"}],"about":[{"href":"https:\/\/eurofishlodi.com\/fr\/wp-json\/wp\/v2\/types\/product"}],"wp:featuredmedia":[{"embeddable":true,"href":"https:\/\/eurofishlodi.com\/fr\/wp-json\/wp\/v2\/media\/11137"}],"wp:attachment":[{"href":"https:\/\/eurofishlodi.com\/fr\/wp-json\/wp\/v2\/media?parent=11174"}],"wp:term":[{"taxonomy":"product_brand","embeddable":true,"href":"https:\/\/eurofishlodi.com\/fr\/wp-json\/wp\/v2\/product_brand?post=11174"},{"taxonomy":"product_cat","embeddable":true,"href":"https:\/\/eurofishlodi.com\/fr\/wp-json\/wp\/v2\/product_cat?post=11174"},{"taxonomy":"product_tag","embeddable":true,"href":"https:\/\/eurofishlodi.com\/fr\/wp-json\/wp\/v2\/product_tag?post=11174"}],"curies":[{"name":"wp","href":"https:\/\/api.w.org\/{rel}","templated":true}]}}